{"id":626,"date":"2024-01-30T18:01:31","date_gmt":"2024-01-30T21:01:31","guid":{"rendered":"https:\/\/tecnnowatts.com.br\/portal\/?page_id=626"},"modified":"2024-01-30T18:29:23","modified_gmt":"2024-01-30T21:29:23","slug":"montagem-e-instalacao-de-spda","status":"publish","type":"page","link":"https:\/\/tecnnowatts.com.br\/portal\/montagem-e-instalacao-de-spda\/","title":{"rendered":"Montagem e Instala\u00e7\u00e3o de SPDA"},"content":{"rendered":"\t\t<div data-elementor-type=\"wp-page\" data-elementor-id=\"626\" class=\"elementor elementor-626\">\n\t\t\t\t\t\t<div class=\"elementor-inner\">\n\t\t\t\t<div class=\"elementor-section-wrap\">\n\t\t\t\t\t\t\t<div class=\"elementor-element elementor-element-9adc8ce e-flex e-con-boxed e-con\" data-id=\"9adc8ce\" data-element_type=\"container\" data-settings=\"{&quot;content_width&quot;:&quot;boxed&quot;}\">\n\t\t\t\t\t<div class=\"e-con-inner\">\n\t\t\t\t<div class=\"elementor-element elementor-element-12f8da1 elementor-widget elementor-widget-text-editor\" data-id=\"12f8da1\" data-element_type=\"widget\" data-widget_type=\"text-editor.default\">\n\t\t\t\t<div class=\"elementor-widget-container\">\n\t\t\t\t\t\t\t\t<div class=\"elementor-text-editor elementor-clearfix\">\n\t\t\t\t<p>SPDA \u00e9 o sistema de prote\u00e7\u00e3o contra descargas atmosf\u00e9ricas utilizado em edifica\u00e7\u00f5es variadas, as quais possuam necessidade do equipamento. A instala\u00e7\u00e3o do para raios SPDA \u00e9 feita devido \u00e0 poss\u00edvel exig\u00eancia pelo Corpo de Bombeiros, baseada em regulamenta\u00e7\u00e3o da ABNT, em conformidade com a NBR 5419\/2005.<br \/>O principal objetivo do SPDA \u00e9 evitar, ou ao menos minimizar o impacto causado pelos efeitos oriundos das descargas atmosf\u00e9ricas, os quais podem ocasionar desde inc\u00eandios, at\u00e9 explos\u00f5es, com danos materiais e at\u00e9 mesmo com grande risco \u00e0 vida de pessoas e tamb\u00e9m de animais.<\/p>\t\t\t\t\t<\/div>\n\t\t\t\t\t\t<\/div>\n\t\t\t\t<\/div>\n\t\t\t\t\t<\/div>\n\t\t\t\t<\/div>\n\t\t<div class=\"elementor-element elementor-element-22996bb e-flex e-con-boxed e-con\" data-id=\"22996bb\" data-element_type=\"container\" data-settings=\"{&quot;content_width&quot;:&quot;boxed&quot;}\">\n\t\t\t\t\t<div class=\"e-con-inner\">\n\t\t\t\t<div class=\"elementor-element elementor-element-7237cef elementor-widget__width-initial elementor-widget-tablet__width-initial elementor-widget-mobile__width-initial elementor-widget elementor-widget-image\" data-id=\"7237cef\" data-element_type=\"widget\" data-widget_type=\"image.default\">\n\t\t\t\t<div class=\"elementor-widget-container\">\n\t\t\t\t\t\t\t\t<div class=\"elementor-image\">\n\t\t\t\t\t\t\t\t\t\t\t\t<img decoding=\"async\" width=\"499\" height=\"237\" src=\"https:\/\/tecnnowatts.com.br\/portal\/wp-content\/uploads\/2024\/01\/spda-3.png\" class=\"attachment-full size-full wp-image-630\" alt=\"\" loading=\"lazy\" srcset=\"https:\/\/tecnnowatts.com.br\/portal\/wp-content\/uploads\/2024\/01\/spda-3.png 499w, https:\/\/tecnnowatts.com.br\/portal\/wp-content\/uploads\/2024\/01\/spda-3-300x142.png 300w\" sizes=\"(max-width: 499px) 100vw, 499px\" \/>\t\t\t\t\t\t\t\t\t\t\t\t\t\t<\/div>\n\t\t\t\t\t\t<\/div>\n\t\t\t\t<\/div>\n\t\t\t\t<div class=\"elementor-element elementor-element-0ed695b elementor-widget__width-initial elementor-widget-mobile__width-initial elementor-widget elementor-widget-image\" data-id=\"0ed695b\" data-element_type=\"widget\" data-widget_type=\"image.default\">\n\t\t\t\t<div class=\"elementor-widget-container\">\n\t\t\t\t\t\t\t\t<div class=\"elementor-image\">\n\t\t\t\t\t\t\t\t\t\t\t\t<img decoding=\"async\" width=\"500\" height=\"663\" src=\"https:\/\/tecnnowatts.com.br\/portal\/wp-content\/uploads\/2024\/01\/spda-1.png\" class=\"attachment-full size-full wp-image-632\" alt=\"\" loading=\"lazy\" srcset=\"https:\/\/tecnnowatts.com.br\/portal\/wp-content\/uploads\/2024\/01\/spda-1.png 500w, https:\/\/tecnnowatts.com.br\/portal\/wp-content\/uploads\/2024\/01\/spda-1-226x300.png 226w\" sizes=\"(max-width: 500px) 100vw, 500px\" \/>\t\t\t\t\t\t\t\t\t\t\t\t\t\t<\/div>\n\t\t\t\t\t\t<\/div>\n\t\t\t\t<\/div>\n\t\t\t\t<div class=\"elementor-element elementor-element-6a420a0 elementor-widget elementor-widget-image\" data-id=\"6a420a0\" data-element_type=\"widget\" data-widget_type=\"image.default\">\n\t\t\t\t<div class=\"elementor-widget-container\">\n\t\t\t\t\t\t\t\t<div class=\"elementor-image\">\n\t\t\t\t\t\t\t\t\t\t\t\t<img decoding=\"async\" width=\"500\" height=\"282\" src=\"https:\/\/tecnnowatts.com.br\/portal\/wp-content\/uploads\/2024\/01\/spda-2.png\" class=\"attachment-full size-full wp-image-631\" alt=\"\" loading=\"lazy\" srcset=\"https:\/\/tecnnowatts.com.br\/portal\/wp-content\/uploads\/2024\/01\/spda-2.png 500w, https:\/\/tecnnowatts.com.br\/portal\/wp-content\/uploads\/2024\/01\/spda-2-300x169.png 300w\" sizes=\"(max-width: 500px) 100vw, 500px\" \/>\t\t\t\t\t\t\t\t\t\t\t\t\t\t<\/div>\n\t\t\t\t\t\t<\/div>\n\t\t\t\t<\/div>\n\t\t\t\t<div class=\"elementor-element elementor-element-f8e0cee elementor-widget elementor-widget-image\" data-id=\"f8e0cee\" data-element_type=\"widget\" data-widget_type=\"image.default\">\n\t\t\t\t<div class=\"elementor-widget-container\">\n\t\t\t\t\t\t\t\t<div class=\"elementor-image\">\n\t\t\t\t\t\t\t\t\t\t\t\t<img decoding=\"async\" width=\"500\" height=\"344\" src=\"https:\/\/tecnnowatts.com.br\/portal\/wp-content\/uploads\/2024\/01\/spda-4.png\" class=\"attachment-full size-full wp-image-629\" alt=\"\" loading=\"lazy\" srcset=\"https:\/\/tecnnowatts.com.br\/portal\/wp-content\/uploads\/2024\/01\/spda-4.png 500w, https:\/\/tecnnowatts.com.br\/portal\/wp-content\/uploads\/2024\/01\/spda-4-300x206.png 300w\" sizes=\"(max-width: 500px) 100vw, 500px\" \/>\t\t\t\t\t\t\t\t\t\t\t\t\t\t<\/div>\n\t\t\t\t\t\t<\/div>\n\t\t\t\t<\/div>\n\t\t\t\t\t<\/div>\n\t\t\t\t<\/div>\n\t\t\t\t\t\t\t\t\t<\/div>\n\t\t\t<\/div>\n\t\t\t\t\t<\/div>\n\t\t","protected":false},"excerpt":{"rendered":"<p>SPDA \u00e9 o sistema de prote\u00e7\u00e3o contra descargas atmosf\u00e9ricas utilizado em edifica\u00e7\u00f5es variadas, as quais possuam necessidade do equipamento. A instala\u00e7\u00e3o do para raios SPDA \u00e9 feita devido \u00e0 poss\u00edvel exig\u00eancia pelo Corpo de Bombeiros, baseada em regulamenta\u00e7\u00e3o da ABNT, em conformidade com a NBR 5419\/2005.O principal objetivo do SPDA \u00e9 evitar, ou ao menos &#8230; <a title=\"Montagem e Instala\u00e7\u00e3o de SPDA\" class=\"read-more\" href=\"https:\/\/tecnnowatts.com.br\/portal\/montagem-e-instalacao-de-spda\/\" aria-label=\"More on Montagem e Instala\u00e7\u00e3o de SPDA\">Ler mais<\/a><\/p>\n","protected":false},"author":1,"featured_media":0,"parent":0,"menu_order":0,"comment_status":"closed","ping_status":"closed","template":"","meta":[],"_links":{"self":[{"href":"https:\/\/tecnnowatts.com.br\/portal\/wp-json\/wp\/v2\/pages\/626"}],"collection":[{"href":"https:\/\/tecnnowatts.com.br\/portal\/wp-json\/wp\/v2\/pages"}],"about":[{"href":"https:\/\/tecnnowatts.com.br\/portal\/wp-json\/wp\/v2\/types\/page"}],"author":[{"embeddable":true,"href":"https:\/\/tecnnowatts.com.br\/portal\/wp-json\/wp\/v2\/users\/1"}],"replies":[{"embeddable":true,"href":"https:\/\/tecnnowatts.com.br\/portal\/wp-json\/wp\/v2\/comments?post=626"}],"version-history":[{"count":10,"href":"https:\/\/tecnnowatts.com.br\/portal\/wp-json\/wp\/v2\/pages\/626\/revisions"}],"predecessor-version":[{"id":647,"href":"https:\/\/tecnnowatts.com.br\/portal\/wp-json\/wp\/v2\/pages\/626\/revisions\/647"}],"wp:attachment":[{"href":"https:\/\/tecnnowatts.com.br\/portal\/wp-json\/wp\/v2\/media?parent=626"}],"curies":[{"name":"wp","href":"https:\/\/api.w.org\/{rel}","templated":true}]}}