{"id":35,"date":"2018-12-13T18:28:19","date_gmt":"2018-12-13T20:28:19","guid":{"rendered":"https:\/\/tecnnowatts.com.br\/portal\/?page_id=35"},"modified":"2021-08-30T07:52:16","modified_gmt":"2021-08-30T10:52:16","slug":"quadros-eletricos","status":"publish","type":"page","link":"https:\/\/tecnnowatts.com.br\/portal\/quadros-eletricos\/","title":{"rendered":"Quadros El\u00e9tricos"},"content":{"rendered":"\t\t<div data-elementor-type=\"wp-post\" data-elementor-id=\"35\" class=\"elementor elementor-35\">\n\t\t\t\t\t\t<div class=\"elementor-inner\">\n\t\t\t\t<div class=\"elementor-section-wrap\">\n\t\t\t\t\t\t\t\t\t<section class=\"elementor-section elementor-top-section elementor-element elementor-element-56af000 elementor-section-stretched elementor-section-boxed elementor-section-height-default elementor-section-height-default\" data-id=\"56af000\" data-element_type=\"section\" data-settings=\"{&quot;stretch_section&quot;:&quot;section-stretched&quot;}\">\n\t\t\t\t\t\t<div class=\"elementor-container elementor-column-gap-default\">\n\t\t\t\t\t\t\t<div class=\"elementor-row\">\n\t\t\t\t\t<div class=\"elementor-column elementor-col-50 elementor-top-column elementor-element elementor-element-37e1539\" data-id=\"37e1539\" data-element_type=\"column\">\n\t\t\t<div class=\"elementor-column-wrap elementor-element-populated\">\n\t\t\t\t\t\t\t<div class=\"elementor-widget-wrap\">\n\t\t\t\t\t\t<div class=\"elementor-element elementor-element-3b9a43c elementor-arrows-position-inside elementor-pagination-position-outside elementor-widget elementor-widget-image-carousel\" data-id=\"3b9a43c\" data-element_type=\"widget\" data-settings=\"{&quot;slides_to_show&quot;:&quot;1&quot;,&quot;navigation&quot;:&quot;both&quot;,&quot;autoplay&quot;:&quot;yes&quot;,&quot;pause_on_hover&quot;:&quot;yes&quot;,&quot;pause_on_interaction&quot;:&quot;yes&quot;,&quot;autoplay_speed&quot;:5000,&quot;infinite&quot;:&quot;yes&quot;,&quot;effect&quot;:&quot;slide&quot;,&quot;speed&quot;:500}\" data-widget_type=\"image-carousel.default\">\n\t\t\t\t<div class=\"elementor-widget-container\">\n\t\t\t\t\t<div class=\"elementor-image-carousel-wrapper swiper-container\" dir=\"ltr\">\n\t\t\t<div class=\"elementor-image-carousel swiper-wrapper\" aria-live=\"off\">\n\t\t\t\t\t\t\t\t<div class=\"swiper-slide\" role=\"group\" aria-roledescription=\"slide\" aria-label=\"1 of 4\"><figure class=\"swiper-slide-inner\"><img decoding=\"async\" class=\"swiper-slide-image\" src=\"https:\/\/tecnnowatts.com.br\/portal\/wp-content\/uploads\/elementor\/thumbs\/WhatsApp-Image-2018-12-01-at-10.24.091-o0j21gwbnle47qkhx5eyi2vidhi297qg38lku7npj4.jpeg\" alt=\"WhatsApp Image 2018-12-01 at 10.24.09(1)\" \/><\/figure><\/div><div class=\"swiper-slide\" role=\"group\" aria-roledescription=\"slide\" aria-label=\"2 of 4\"><figure class=\"swiper-slide-inner\"><img decoding=\"async\" class=\"swiper-slide-image\" src=\"https:\/\/tecnnowatts.com.br\/portal\/wp-content\/uploads\/elementor\/thumbs\/WhatsApp-Image-2018-12-01-at-10.24.09-e1545167011291-o0pwudiajy5pbeqxb770ri699uxjkf70nftyffx4hs.jpeg\" alt=\"WhatsApp Image 2018-12-01 at 10.24.09\" \/><\/figure><\/div><div class=\"swiper-slide\" role=\"group\" aria-roledescription=\"slide\" aria-label=\"3 of 4\"><figure class=\"swiper-slide-inner\"><img decoding=\"async\" class=\"swiper-slide-image\" src=\"https:\/\/tecnnowatts.com.br\/portal\/wp-content\/uploads\/elementor\/thumbs\/20190116_123831-o23xvjq0i3cybj4xrfa2o2ixckrdua9xlncsel74lc.jpg\" alt=\"20190116_123831\" \/><\/figure><\/div><div class=\"swiper-slide\" role=\"group\" aria-roledescription=\"slide\" aria-label=\"4 of 4\"><figure class=\"swiper-slide-inner\"><img decoding=\"async\" class=\"swiper-slide-image\" src=\"https:\/\/tecnnowatts.com.br\/portal\/wp-content\/uploads\/elementor\/thumbs\/20190116_123913-o23xvpd1n3ko96wquhpu313owvzl4gwbmf9pa8yrk0.jpg\" alt=\"20190116_123913\" \/><\/figure><\/div>\t\t\t<\/div>\n\t\t\t\t\t\t\t\t\t\t\t\t<div class=\"elementor-swiper-button elementor-swiper-button-prev\" role=\"button\" tabindex=\"0\">\n\t\t\t\t\t\t<i aria-hidden=\"true\" class=\"eicon-chevron-left\"><\/i>\t\t\t\t\t<\/div>\n\t\t\t\t\t<div class=\"elementor-swiper-button elementor-swiper-button-next\" role=\"button\" tabindex=\"0\">\n\t\t\t\t\t\t<i aria-hidden=\"true\" class=\"eicon-chevron-right\"><\/i>\t\t\t\t\t<\/div>\n\t\t\t\t\n\t\t\t\t\t\t\t\t\t<div class=\"swiper-pagination\"><\/div>\n\t\t\t\t\t\t\t\t\t<\/div>\n\t\t\t\t<\/div>\n\t\t\t\t<\/div>\n\t\t\t\t\t\t<\/div>\n\t\t\t\t\t<\/div>\n\t\t<\/div>\n\t\t\t\t<div class=\"elementor-column elementor-col-50 elementor-top-column elementor-element elementor-element-8abdfdc\" data-id=\"8abdfdc\" data-element_type=\"column\">\n\t\t\t<div class=\"elementor-column-wrap elementor-element-populated\">\n\t\t\t\t\t\t\t<div class=\"elementor-widget-wrap\">\n\t\t\t\t\t\t<div class=\"elementor-element elementor-element-7a6052c elementor-widget elementor-widget-text-editor\" data-id=\"7a6052c\" data-element_type=\"widget\" data-widget_type=\"text-editor.default\">\n\t\t\t\t<div class=\"elementor-widget-container\">\n\t\t\t\t\t\t\t\t<div class=\"elementor-text-editor elementor-clearfix\">\n\t\t\t\t<p style=\"text-align: left;\">A escolha do tipo de painel ou quadro el\u00e9trico ideal depende completamente da complexidade do projeto, e a utiliza\u00e7\u00e3o que ser\u00e1 feita sobre o equipamento.<\/p><p style=\"text-align: left;\">Alinhando o estudo do caso, a Tecnno Watts encontrar\u00e1 o equipamento ideal, que ir\u00e1 suprir com as necessidades envolvidas. Tipos de pain\u00e9is e quadros el\u00e9tricos .<\/p>\t\t\t\t\t<\/div>\n\t\t\t\t\t\t<\/div>\n\t\t\t\t<\/div>\n\t\t\t\t\t\t<\/div>\n\t\t\t\t\t<\/div>\n\t\t<\/div>\n\t\t\t\t\t\t\t\t<\/div>\n\t\t\t\t\t<\/div>\n\t\t<\/section>\n\t\t\t\t<section class=\"elementor-section elementor-top-section elementor-element elementor-element-83d17fb elementor-section-boxed elementor-section-height-default elementor-section-height-default\" data-id=\"83d17fb\" data-element_type=\"section\">\n\t\t\t\t\t\t<div class=\"elementor-container elementor-column-gap-default\">\n\t\t\t\t\t\t\t<div class=\"elementor-row\">\n\t\t\t\t\t<div class=\"elementor-column elementor-col-100 elementor-top-column elementor-element elementor-element-7c3e3bc\" data-id=\"7c3e3bc\" data-element_type=\"column\">\n\t\t\t<div class=\"elementor-column-wrap elementor-element-populated\">\n\t\t\t\t\t\t\t<div class=\"elementor-widget-wrap\">\n\t\t\t\t\t\t<div class=\"elementor-element elementor-element-1f30662 elementor-widget elementor-widget-text-editor\" data-id=\"1f30662\" data-element_type=\"widget\" data-widget_type=\"text-editor.default\">\n\t\t\t\t<div class=\"elementor-widget-container\">\n\t\t\t\t\t\t\t\t<div class=\"elementor-text-editor elementor-clearfix\">\n\t\t\t\t<p><strong>MONTAGEM DE PAIN\u00c9IS EL\u00c9TRICOS<\/strong><\/p><p>Quadro de for\u00e7a e controle;<br \/>Banco autom\u00e1tico de capacitores;<br \/>Quadro de Distribui\u00e7\u00e3o de For\u00e7a (QDF);<br \/>Quadro de Distribui\u00e7\u00e3o de For\u00e7a e Luz (QDFL);<br \/>Quadro Geral de Baixa Tens\u00e3o (QGBT);<br \/>Quadro de controle l\u00f3gico program\u00e1veis.<\/p><h3><strong>Quadro e de for\u00e7a e controle<\/strong><\/h3><p>Conforme a Norma Brasileira NBR IEC 60050 o quadro de distribui\u00e7\u00e3o \u00e9 \u201co equipamento el\u00e9trico destinado a receber energia el\u00e9trica atrav\u00e9s de uma ou mais alimenta\u00e7\u00f5es, e distribui-la a um ou mais circuitos, podendo tamb\u00e9m desempenhar fun\u00e7\u00f5es de prote\u00e7\u00e3o, seccionamento, controle e\/ou medi\u00e7\u00e3o\u201d. A fun\u00e7\u00e3o de prote\u00e7\u00e3o e controle se faz por meio da utiliza\u00e7\u00e3o de disjuntores.<\/p><p>Podemos entender o quadro de distribui\u00e7\u00e3o como o centro das instala\u00e7\u00f5es el\u00e9tricas, pois ele distribui energia para toda a edifica\u00e7\u00e3o e abriga os dispositivos de prote\u00e7\u00e3o e controle dos demais circuitos.<\/p><h3><strong>Banco Autom\u00e1tico de Capacitadores<\/strong><\/h3><p>O banco de capacitores autom\u00e1ticos tem a fun\u00e7\u00e3o de fazer de forma autom\u00e1tica a corre\u00e7\u00e3o do fator de pot\u00eancia de instala\u00e7\u00f5es el\u00e9tricas. Isto \u00e9, fazer a redu\u00e7\u00e3o da indut\u00e2ncia que est\u00e1 sendo aplicada na rede el\u00e9trica da concession\u00e1ria de energia pelas cargas do circuito. Para isso, o banco de capacitores autom\u00e1ticos \u00e9 dotado de um controlador de fator de pot\u00eancia que serve para ligar e desligar o sistema de forma aut\u00f4noma.<\/p><p>O banco de capacitores autom\u00e1ticos possui alguns est\u00e1gios que s\u00e3o acionados conforme a necessidade da pot\u00eancia a ser corrigida. Para cada um desses est\u00e1gios do banco de capacitores autom\u00e1ticos, \u00e9 necess\u00e1ria a utiliza\u00e7\u00e3o de disjuntores ou fus\u00edveis para a prote\u00e7\u00e3o e contatores espec\u00edficos para fazer o acionamento das c\u00e9lulas capacitivas (capacitores). Al\u00e9m disso, \u00e9 necess\u00e1ria tamb\u00e9m a utiliza\u00e7\u00e3o de uma prote\u00e7\u00e3o geral para o circuito. Existem ainda outros componentes que podem estar inclu\u00eddos no banco de capacitores autom\u00e1ticos conforme o desejo e a necessidade do cliente, tais como rel\u00e9s de prote\u00e7\u00e3o, componentes para monitoramento, componentes de sinaliza\u00e7\u00e3o, entre outros.<\/p><p><strong>Quadro de distribui\u00e7\u00e3o de For\u00e7a (QDF)<\/strong><\/p><p>O quadro de distribui\u00e7\u00e3o de for\u00e7a \u00e9 o equipamento respons\u00e1vel por receber e distribuir eletricidade de uma ou mais fontes para executar todos os tipos de atividades. Ele pode ser abastecido por uma fonte \u00fanica de energia, podendo migrar isso para o \u00fanico p\u00f3lo.<\/p><p>A principal versatilidade do equipamento, \u00e9 o que mais chama a aten\u00e7\u00e3o. Quando o cliente instala este tipo de quadro para uma pequena necessidade, mas a necessidade crescer ao longo do tempo, voc\u00ea poder\u00e1 continuar usando o mesmo equipamento, pois ele atende perfeitamente as demandas maiores.<\/p><p>Toda essa versatilidade do quadro de distribui\u00e7\u00e3o de for\u00e7a, s\u00f3 \u00e9 poss\u00edvel de ser obtida, quando a instala\u00e7\u00e3o \u00e9 feita de forma impec\u00e1vel.<\/p><p><strong>Quadro de Distribui\u00e7\u00e3o For\u00e7a e Luz (QDFL)<\/strong><\/p><p>O quadro de distribui\u00e7\u00e3o de for\u00e7a e luz tem como fun\u00e7\u00e3o principal receber e distribuir a energia el\u00e9trica, contida em um ou mais circuitos, dependendo do projeto em que est\u00e1 sendo estabelecido.<\/p><p>Al\u00e9m disso, esse quadro cont\u00e9m:<\/p><ul><li>Dispositivos de prote\u00e7\u00e3o;<\/li><li>Dispositivos de manobra;<\/li><li>E condutores el\u00e9tricos interligados, que distribuem a energia el\u00e9trica para todos os circuitos.<br \/>Quando a instala\u00e7\u00e3o for feita, \u00e9 de extrema import\u00e2ncia que o servi\u00e7o seja realizado por uma empresa especializada, que produto, instala e explica todo o funcionamento do quadro de distribui\u00e7\u00e3o de for\u00e7a, e tamb\u00e9m de luz. O procedimento todo deve contar com r\u00edgidos protocolos que est\u00e3o adequados as normas de seguran\u00e7a, como a NR10 da ABNT (normas t\u00e9cnicas e de seguran\u00e7a)<\/li><\/ul><p><strong>Cabo Geral de Baixa Tens\u00e3o<\/strong><\/p><p>O quadro el\u00e9trico QGBT (quadro geral de baixa tens\u00e3o) \u00e9 a entrada principal de energia do local de instala\u00e7\u00e3o, sendo respons\u00e1vel pela prote\u00e7\u00e3o e fonte de alimenta\u00e7\u00e3o dos demais quadros. O quadro el\u00e9trico qgbt fica instalado ap\u00f3s a subesta\u00e7\u00e3o de energia, geralmente montados em pain\u00e9is autoportantes de chapa de a\u00e7o especificada em projeto mec\u00e2nico. \u00a0<\/p><p>\u00c9 comum o quadro el\u00e9trico qgbt conter a especifica\u00e7\u00e3o de corrente de ruptura maior em rela\u00e7\u00e3o aos demais quadros de distribui\u00e7\u00e3o da obra e os dispositivos de prote\u00e7\u00e3o contra surto de corrente para prote\u00e7\u00e3o de equipamentos.<\/p>\t\t\t\t\t<\/div>\n\t\t\t\t\t\t<\/div>\n\t\t\t\t<\/div>\n\t\t\t\t\t\t<\/div>\n\t\t\t\t\t<\/div>\n\t\t<\/div>\n\t\t\t\t\t\t\t\t<\/div>\n\t\t\t\t\t<\/div>\n\t\t<\/section>\n\t\t\t\t<section class=\"elementor-section elementor-top-section elementor-element elementor-element-3720049 elementor-section-boxed elementor-section-height-default elementor-section-height-default\" data-id=\"3720049\" data-element_type=\"section\" id=\"quadro_de_controle_logico_programavel\">\n\t\t\t\t\t\t<div class=\"elementor-container elementor-column-gap-default\">\n\t\t\t\t\t\t\t<div class=\"elementor-row\">\n\t\t\t\t\t<div class=\"elementor-column elementor-col-100 elementor-top-column elementor-element elementor-element-7461bdc\" data-id=\"7461bdc\" data-element_type=\"column\">\n\t\t\t<div class=\"elementor-column-wrap elementor-element-populated\">\n\t\t\t\t\t\t\t<div class=\"elementor-widget-wrap\">\n\t\t\t\t\t\t<div class=\"elementor-element elementor-element-1b6390b elementor-widget elementor-widget-text-editor\" data-id=\"1b6390b\" data-element_type=\"widget\" data-widget_type=\"text-editor.default\">\n\t\t\t\t<div class=\"elementor-widget-container\">\n\t\t\t\t\t\t\t\t<div class=\"elementor-text-editor elementor-clearfix\">\n\t\t\t\t<p><strong>Quadro de controle l\u00f3gico program\u00e1vel<\/strong><\/p><p>Basicamente um CLP \u00e9 um equipamento que se assemelha a um computador (hardware) onde \u00e9 poss\u00edvel inserir um programa (software) para controlar e monitorar cargas (dispositivos de sa\u00eddas) de acordo com par\u00e2metros enviados ao CLP (dispositivos de entradas). O programa desenvolvido para um CLP \u00e9 totalmente personaliz\u00e1vel, composto por uma s\u00e9rie de instru\u00e7\u00f5es ou fun\u00e7\u00f5es espec\u00edficas como l\u00f3gica, sequenciamento, temporiza\u00e7\u00e3o, contagem e aritm\u00e9tica o que o torna o CLP um equipamento muito din\u00e2mico que pode ser usado em qualquer processo autom\u00e1tico de acionamento e ou monitoramento de m\u00e1quinas e processos.<\/p><p>Segundo a ABNT (Associa\u00e7\u00e3o Brasileira de Normas T\u00e9cnicas) um CLP, \u00e9 um equipamento eletr\u00f4nico digital com hardware e software compat\u00edveis com aplica\u00e7\u00f5es industriais. Apesar desta defini\u00e7\u00e3o hoje existem CLP\u2019s com caracter\u00edsticas e utiliza\u00e7\u00f5es em automa\u00e7\u00f5es residenciais e sistemas de seguran\u00e7a.<\/p>\t\t\t\t\t<\/div>\n\t\t\t\t\t\t<\/div>\n\t\t\t\t<\/div>\n\t\t\t\t\t\t<\/div>\n\t\t\t\t\t<\/div>\n\t\t<\/div>\n\t\t\t\t\t\t\t\t<\/div>\n\t\t\t\t\t<\/div>\n\t\t<\/section>\n\t\t\t\t\t\t\t\t\t<\/div>\n\t\t\t<\/div>\n\t\t\t\t\t<\/div>\n\t\t","protected":false},"excerpt":{"rendered":"<p>Anterior Pr\u00f3ximo A escolha do tipo de painel ou quadro el\u00e9trico ideal depende completamente da complexidade do projeto, e a utiliza\u00e7\u00e3o que ser\u00e1 feita sobre o equipamento. Alinhando o estudo do caso, a Tecnno Watts encontrar\u00e1 o equipamento ideal, que ir\u00e1 suprir com as necessidades envolvidas. Tipos de pain\u00e9is e quadros el\u00e9tricos . MONTAGEM DE &#8230; <a title=\"Quadros El\u00e9tricos\" class=\"read-more\" href=\"https:\/\/tecnnowatts.com.br\/portal\/quadros-eletricos\/\" aria-label=\"More on Quadros El\u00e9tricos\">Ler mais<\/a><\/p>\n","protected":false},"author":1,"featured_media":0,"parent":0,"menu_order":50,"comment_status":"closed","ping_status":"closed","template":"","meta":[],"_links":{"self":[{"href":"https:\/\/tecnnowatts.com.br\/portal\/wp-json\/wp\/v2\/pages\/35"}],"collection":[{"href":"https:\/\/tecnnowatts.com.br\/portal\/wp-json\/wp\/v2\/pages"}],"about":[{"href":"https:\/\/tecnnowatts.com.br\/portal\/wp-json\/wp\/v2\/types\/page"}],"author":[{"embeddable":true,"href":"https:\/\/tecnnowatts.com.br\/portal\/wp-json\/wp\/v2\/users\/1"}],"replies":[{"embeddable":true,"href":"https:\/\/tecnnowatts.com.br\/portal\/wp-json\/wp\/v2\/comments?post=35"}],"version-history":[{"count":32,"href":"https:\/\/tecnnowatts.com.br\/portal\/wp-json\/wp\/v2\/pages\/35\/revisions"}],"predecessor-version":[{"id":332,"href":"https:\/\/tecnnowatts.com.br\/portal\/wp-json\/wp\/v2\/pages\/35\/revisions\/332"}],"wp:attachment":[{"href":"https:\/\/tecnnowatts.com.br\/portal\/wp-json\/wp\/v2\/media?parent=35"}],"curies":[{"name":"wp","href":"https:\/\/api.w.org\/{rel}","templated":true}]}}