{"id":33,"date":"2018-12-13T18:27:18","date_gmt":"2018-12-13T20:27:18","guid":{"rendered":"https:\/\/tecnnowatts.com.br\/portal\/?page_id=33"},"modified":"2022-09-21T18:48:05","modified_gmt":"2022-09-21T21:48:05","slug":"instalacoes-eletricas","status":"publish","type":"page","link":"https:\/\/tecnnowatts.com.br\/portal\/instalacoes-eletricas\/","title":{"rendered":"Montagens e Manuten\u00e7\u00f5es El\u00e9tricas Industriais"},"content":{"rendered":"\t\t<div data-elementor-type=\"wp-post\" data-elementor-id=\"33\" class=\"elementor elementor-33\">\n\t\t\t\t\t\t<div class=\"elementor-inner\">\n\t\t\t\t<div class=\"elementor-section-wrap\">\n\t\t\t\t\t\t\t\t\t<section class=\"elementor-section elementor-top-section elementor-element elementor-element-69e8ceb elementor-section-stretched elementor-section-boxed elementor-section-height-default elementor-section-height-default\" data-id=\"69e8ceb\" data-element_type=\"section\" data-settings=\"{&quot;stretch_section&quot;:&quot;section-stretched&quot;}\">\n\t\t\t\t\t\t<div class=\"elementor-container elementor-column-gap-default\">\n\t\t\t\t\t\t\t<div class=\"elementor-row\">\n\t\t\t\t\t<div class=\"elementor-column elementor-col-50 elementor-top-column elementor-element elementor-element-a455118\" data-id=\"a455118\" data-element_type=\"column\">\n\t\t\t<div class=\"elementor-column-wrap elementor-element-populated\">\n\t\t\t\t\t\t\t<div class=\"elementor-widget-wrap\">\n\t\t\t\t\t\t<div class=\"elementor-element elementor-element-8a5652a elementor-arrows-position-inside elementor-pagination-position-outside elementor-widget elementor-widget-image-carousel\" data-id=\"8a5652a\" data-element_type=\"widget\" data-settings=\"{&quot;slides_to_show&quot;:&quot;1&quot;,&quot;navigation&quot;:&quot;both&quot;,&quot;autoplay&quot;:&quot;yes&quot;,&quot;pause_on_hover&quot;:&quot;yes&quot;,&quot;pause_on_interaction&quot;:&quot;yes&quot;,&quot;autoplay_speed&quot;:5000,&quot;infinite&quot;:&quot;yes&quot;,&quot;effect&quot;:&quot;slide&quot;,&quot;speed&quot;:500}\" data-widget_type=\"image-carousel.default\">\n\t\t\t\t<div class=\"elementor-widget-container\">\n\t\t\t\t\t<div class=\"elementor-image-carousel-wrapper swiper-container\" dir=\"ltr\">\n\t\t\t<div class=\"elementor-image-carousel swiper-wrapper\" aria-live=\"off\">\n\t\t\t\t\t\t\t\t<div class=\"swiper-slide\" role=\"group\" aria-roledescription=\"slide\" aria-label=\"1 of 2\"><figure class=\"swiper-slide-inner\"><img decoding=\"async\" class=\"swiper-slide-image\" src=\"https:\/\/tecnnowatts.com.br\/portal\/wp-content\/uploads\/elementor\/thumbs\/WhatsApp-Image-2018-12-01-at-10.24.092-o0j13pj06t6d7xlw222cg3kia9wgskpig52rbfpr0g.jpeg\" alt=\"WhatsApp Image 2018-12-01 at 10.24.09(2)\" \/><\/figure><\/div><div class=\"swiper-slide\" role=\"group\" aria-roledescription=\"slide\" aria-label=\"2 of 2\"><figure class=\"swiper-slide-inner\"><img decoding=\"async\" class=\"swiper-slide-image\" src=\"https:\/\/tecnnowatts.com.br\/portal\/wp-content\/uploads\/elementor\/thumbs\/WhatsApp-Image-2018-12-01-at-10.24.101-o0j16fa7xkw6rdnw78bjnewg2cin13hlhkx987ot1c.jpeg\" alt=\"WhatsApp Image 2018-12-01 at 10.24.10(1)\" \/><\/figure><\/div>\t\t\t<\/div>\n\t\t\t\t\t\t\t\t\t\t\t\t<div class=\"elementor-swiper-button elementor-swiper-button-prev\" role=\"button\" tabindex=\"0\">\n\t\t\t\t\t\t<i aria-hidden=\"true\" class=\"eicon-chevron-left\"><\/i>\t\t\t\t\t<\/div>\n\t\t\t\t\t<div class=\"elementor-swiper-button elementor-swiper-button-next\" role=\"button\" tabindex=\"0\">\n\t\t\t\t\t\t<i aria-hidden=\"true\" class=\"eicon-chevron-right\"><\/i>\t\t\t\t\t<\/div>\n\t\t\t\t\n\t\t\t\t\t\t\t\t\t<div class=\"swiper-pagination\"><\/div>\n\t\t\t\t\t\t\t\t\t<\/div>\n\t\t\t\t<\/div>\n\t\t\t\t<\/div>\n\t\t\t\t\t\t<\/div>\n\t\t\t\t\t<\/div>\n\t\t<\/div>\n\t\t\t\t<div class=\"elementor-column elementor-col-50 elementor-top-column elementor-element elementor-element-2f9c468\" data-id=\"2f9c468\" data-element_type=\"column\">\n\t\t\t<div class=\"elementor-column-wrap elementor-element-populated\">\n\t\t\t\t\t\t\t<div class=\"elementor-widget-wrap\">\n\t\t\t\t\t\t<div class=\"elementor-element elementor-element-6aa2205 elementor-widget elementor-widget-text-editor\" data-id=\"6aa2205\" data-element_type=\"widget\" data-widget_type=\"text-editor.default\">\n\t\t\t\t<div class=\"elementor-widget-container\">\n\t\t\t\t\t\t\t\t<div class=\"elementor-text-editor elementor-clearfix\">\n\t\t\t\t<p class=\"font_7\" style=\"text-align: left;\"><span class=\"color_11\">O projeto el\u00e9trico se baseia na especifica\u00e7\u00e3o do material a ser utilizado e da quantidade necess\u00e1ria, al\u00e9m de como ser\u00e3o feitas as instala\u00e7\u00f5es dos locais que demandam energia el\u00e9trica, isso vale para ilumina\u00e7\u00e3o e para as tomadas. Com o projeto el\u00e9trico o respons\u00e1vel pela execu\u00e7\u00e3o, geralmente um eletricista, possuir\u00e1 todas as informa\u00e7\u00f5es necess\u00e1rias para fazer corretamente as instala\u00e7\u00f5es el\u00e9tricas da obra. Dentre as vantagens de se realizar um projeto el\u00e9trico est\u00e3o a redu\u00e7\u00e3o do risco de choques el\u00e9tricos e inc\u00eandios, al\u00e9m de evitar desperd\u00edcios com materiais que n\u00e3o ser\u00e3o gastos.<\/span><\/p><p class=\"font_7\"><span class=\"color_11\">Seja na hora de construir ou reformar, realizamos projetos el\u00e9tricos\u00a0<\/span>residenciais, comercias e industriais.<\/p><p style=\"font-weight: 400;\"><span style=\"font-weight: 400;\">A experi\u00eancia e compet\u00eancia da TECNNO WATTS permite-lhes prestar servi\u00e7os com os mais elevados padr\u00f5es de qualidade com um conjunto de profissionais com diferentes val\u00eancias e compet\u00eancias, oferecendo a integra\u00e7\u00e3o vertical de servi\u00e7os a um universo bastante diversificado de clientes.<\/span><\/p>\t\t\t\t\t<\/div>\n\t\t\t\t\t\t<\/div>\n\t\t\t\t<\/div>\n\t\t\t\t\t\t<\/div>\n\t\t\t\t\t<\/div>\n\t\t<\/div>\n\t\t\t\t\t\t\t\t<\/div>\n\t\t\t\t\t<\/div>\n\t\t<\/section>\n\t\t\t\t<section class=\"elementor-section elementor-top-section elementor-element elementor-element-c6f1394 elementor-section-boxed elementor-section-height-default elementor-section-height-default\" data-id=\"c6f1394\" data-element_type=\"section\">\n\t\t\t\t\t\t<div class=\"elementor-container elementor-column-gap-default\">\n\t\t\t\t\t\t\t<div class=\"elementor-row\">\n\t\t\t\t\t<div class=\"elementor-column elementor-col-100 elementor-top-column elementor-element elementor-element-86c9cd6\" data-id=\"86c9cd6\" data-element_type=\"column\">\n\t\t\t<div class=\"elementor-column-wrap elementor-element-populated\">\n\t\t\t\t\t\t\t<div class=\"elementor-widget-wrap\">\n\t\t\t\t\t\t<div class=\"elementor-element elementor-element-3f1c410 elementor-widget elementor-widget-text-editor\" data-id=\"3f1c410\" data-element_type=\"widget\" data-widget_type=\"text-editor.default\">\n\t\t\t\t<div class=\"elementor-widget-container\">\n\t\t\t\t\t\t\t\t<div class=\"elementor-text-editor elementor-clearfix\">\n\t\t\t\t<p style=\"font-weight: 400;\"><b>MONTAGEM DE ESTRUTURAS EL\u00c9TRICAS<\/b><\/p><ul style=\"font-weight: 400;\"><li style=\"font-weight: 400;\"><span style=\"font-weight: 400;\">Tubula\u00e7\u00f5es;<\/span><\/li><li style=\"font-weight: 400;\"><span style=\"font-weight: 400;\">Perfilados;<\/span><\/li><li style=\"font-weight: 400;\"><span style=\"font-weight: 400;\">Eletrocalhas;<\/span><\/li><li style=\"font-weight: 400;\"><span style=\"font-weight: 400;\">Passagem de cabos de for\u00e7a e comando; <\/span><\/li><li style=\"font-weight: 400;\"><span style=\"font-weight: 400;\">Liga\u00e7\u00e3o de componentes el\u00e9tricos; <\/span><\/li><li style=\"font-weight: 400;\"><span style=\"font-weight: 400;\">Startup de f\u00e1bricas.<\/span><\/li><\/ul><h3><strong>Tubula\u00e7\u00f5es<\/strong><\/h3><p>Planejar o sistema de tubula\u00e7\u00e3o el\u00e9trica \u00e9 fundamental para voc\u00ea fazer uma previs\u00e3o de qual pot\u00eancia ser\u00e1 necess\u00e1ria para fornecer energia para todas as tomadas do im\u00f3vel. Esteja certo de que o desenho da instala\u00e7\u00e3o est\u00e1 seguindo os padr\u00f5es e normas regulamentadoras pr\u00f3prias para ele, al\u00e9m de conferir se est\u00e3o previstas as posi\u00e7\u00f5es dos quadros de medi\u00e7\u00e3o e de compartilhamento das sa\u00eddas de luz, al\u00e9m dos seus interruptores e das tomadas. No desenho, devem estar inclusos o tamanho dos di\u00e2metros (ou bitolas) dos eletrodutos e todos os fios el\u00e9tricos precisam passar pelo interior deles, at\u00e9 mesmo o fio terra.<\/p><p>Os eletrodutos s\u00e3o destinados a suportar uma Compress\u00e3o diametral de acordo com seus tipos, ou seja, embutido em laje, enterrado na \u00e1rea externa da edifica\u00e7\u00e3o e paredes. Por exemplo, os eletrodutos que s\u00e3o flex\u00edveis corrugados na cor amarela s\u00e3o indicados para o uso interno, como em paredes. J\u00e1 os flex\u00edveis corrugados refor\u00e7ados na cor laranja e Tubos Eletroduto na cor preta, s\u00e3o indicados para partes de lajes ou pisos (dependendo do projeto que est\u00e1 sendo realizado).<\/p><p>N\u00e3o deixe de forma alguma que uma passagem de fios condutores esteja no interior de outras tubula\u00e7\u00f5es que n\u00e3o as recomendadas e destinadas para eles. Por exemplo, passagem de fios condutores que n\u00e3o s\u00e3o apropriados para uma tubula\u00e7\u00e3o de ar, que por sua vez n\u00e3o foi projetada para manter a seguran\u00e7a em todas as situa\u00e7\u00f5es alarmantes que o projeto el\u00e9trico possa sofrer, pode causar acidentes.<\/p><p>E n\u00e3o se esque\u00e7a: cada informa\u00e7\u00e3o deve estar necessariamente enquadrada na norma NBR 5444 e NBR 15465 da Associa\u00e7\u00e3o Brasileira de Normas T\u00e9cnicas (ABNT).<\/p><p><strong>Perfilados<\/strong><\/p><p>Os perfilados s\u00e3o fabricados em perfil estrutural em chapas de a\u00e7o. Podendo ser em dimens\u00f5es padr\u00f5es de:<\/p><ul><li>19&#215;38 mm<\/li><li>38&#215;38 mm<\/li><li>38&#215;76 mm<br \/>Eles s\u00e3o com furos oblongos de 10&#215;13 mm, providos de virolas com 5 mm, voltadas para dentro , podendo ser totalmente perfurado ou com 2 furos nas pontas para serem unidos.<\/li><\/ul><p>Os acess\u00f3rios s\u00e3o padronizados a aplica\u00e7\u00e3o, tendo a mais variadas possibilidades de utiliza\u00e7\u00e3o.Por ser aparente, proporciona r\u00e1pida instala\u00e7\u00e3o e amplia\u00e7\u00e3o, al\u00e9m de facilitar a manuten\u00e7\u00e3o e as inspe\u00e7\u00f5es peri\u00f3dicas, propiciando a visualiza\u00e7\u00e3o.<\/p><p>Pr\u00f3prios para sustenta\u00e7\u00e3o de lumin\u00e1rias, alimenta\u00e7\u00e3o de circuitos e equipamentos de ilumina\u00e7\u00e3o, passagem de fios e cabos el\u00e9tricos, telef\u00f4nicos e dados, em constru\u00e7\u00f5es comerciais, industriais, prediais etc.<\/p><p>Quantidade de parafusos por emenda:<\/p><p>&#8220;I&#8221; \u2013 4 Parafusos cabe\u00e7a lentilha \u00f8 3\/8&#8243; x 3\/4&#8243; com porca e arruela<br \/>&#8220;L&#8221; \u2013 4 Parafusos cabe\u00e7a lentilha \u00f8 3\/8&#8243; x 3\/4&#8243; com porca e arruela<br \/>&#8220;T&#8221; \u2013 6 Parafusos cabe\u00e7a lentilha \u00f8 3\/8&#8243; x 3\/4&#8243; com porca e arruela<br \/>&#8220;X&#8221; \u2013 8 Parafusos cabe\u00e7a lentilha \u00f8 3\/8&#8243; x 3\/4&#8243; com porca e arruela<\/p><h3><strong>Eletrocalhas<\/strong><\/h3><p>Eletrocalhas s\u00e3o bandejas met\u00e1licas fabricadas em chapas de a\u00e7o tipo U ou tipo C (com virola), podendo ser: Perfuradas ou lisas.<\/p><p>Contando com uma linha completa de acess\u00f3rios as eletrocalhas s\u00e3o utilizadas para passagem de fios e cabos, distribui\u00e7\u00e3o de energia el\u00e9trica, telefonia e dados.<\/p><p>Elas podem ser usadas em qualquer tipo de instala\u00e7\u00e3o el\u00e9trica,em galp\u00f5es industriais, comerciais, pr\u00e9dios, garagens ,shopping centers, metro etc.<\/p><p>Mantemos varias medidas para pronta entrega de eletrocalhas e seus acessorios.<\/p><p>Segue abaixo quantidade de parafusos utilizada por emenda:<\/p><p>Tala com altura de 50 mm \u2013 4 parafusos cabe\u00e7a lentilha \u00f8 1\/4&#8243; x 3\/4&#8243; com porca e arruela<br \/>Tala com altura de 75 mm \u2013 6 parafusos cabe\u00e7a lentilha \u00f8 1\/4&#8243; x 3\/4&#8243; com porca e arruela<br \/>Tala com altura de 100 mm \u2013 8 parafusos cabe\u00e7a lentilha \u00f8 1\/4&#8243; x 3\/4&#8243; com porca e arruela<\/p><p>Para emendas internas, dobrar a quantidade de parafusos, porcas e arruelas.<\/p><p>\u00c9 recomendada a utiliza\u00e7\u00e3o dos parafusos com a cabe\u00e7a voltada para o interior das eletrocalhas, e em locais que aconte\u00e7a vibra\u00e7\u00f5es mec\u00e2nicas, utilizar a arruela de press\u00e3o.<\/p><h3><strong>Passagem Cabo de For\u00e7a e Comando<\/strong><\/h3><p>A passagem de cabos de pot\u00eancia e comando \u00e9 essencial para a instala\u00e7\u00e3o e configura\u00e7\u00e3o da rede el\u00e9trica de empresas e ind\u00fastrias de diferentes tipos. Sem a passagem de cabos de pot\u00eancia e comando uma s\u00e9rie de atividades s\u00e3o completamente inviabilizadas. Mas para entender melhor o que \u00e9 a passagem de cabos de pot\u00eancia e comando, \u00e9 necess\u00e1rio saber o que s\u00e3o cabos de pot\u00eancia e no que consistem os cabos de comando.<\/p><p><strong>O que s\u00e3o cabos de pot\u00eancia?<\/strong><\/p><p>Os chamados de cabos el\u00e9tricos de pot\u00eancia, constituem-se em uma esp\u00e9cie de \u201cfio\u201d el\u00e9tricos ou seja, objetos que s\u00e3o utilizados para a instala\u00e7\u00e3o e estrutura\u00e7\u00e3o da rede el\u00e9trica de um determinado local. A estrutura f\u00edsica desse objeto \u00e9 composta de um metal para servir de condutor de energia, um material isolante para evitar incidentes e evitar que a energia se dissipe e por fim uma cobertura, ou seja, que encobre toda essa estrutura.<\/p><p>Ele pode ser confeccionado com variados metais e materiais isolantes, mas os mais utilizados s\u00e3o o cobre e alum\u00ednio, como condutores, e o PVC, como isolante.<\/p><p><strong>O que s\u00e3o cabos de comando?<\/strong><\/p><p>Mais um passo rumo ao entendimento do que \u00e9 a passagem de cabos de pot\u00eancia e comando \u00e9 a ci\u00eancia do que s\u00e3o os cabos de comando. Eles s\u00e3o el\u00e9tricos, por\u00e9m bastante distintos dos de pot\u00eancia. Esses materiais s\u00e3o recomendados para a utiliza\u00e7\u00e3o em circuitos de comando, sinaliza\u00e7\u00e3o de equipamentos el\u00e9tricos, cabeamentos, liga\u00e7\u00f5es de maquin\u00e1rio, controle de sistemas el\u00e9tricos no geral, entre outras aplica\u00e7\u00f5es el\u00e9tricas. \u00c9 indicado para instala\u00e7\u00f5es m\u00f3veis ou fixas que sejam leves.<\/p><p>Sobre o que se trata a passagem de cabos de pot\u00eancia e comando?<br \/>A passagem de cabos de pot\u00eancia e comando ent\u00e3o quer dizer o processo de instala\u00e7\u00e3o e estrutura\u00e7\u00e3o de cabos de pot\u00eancia e comando, a fim de conectar a rede exterior de energia el\u00e9trica com a rede interna e fazer a organiza\u00e7\u00e3o do sistema el\u00e9trico interior de estabelecimentos diversos.<\/p><h3><strong>Fazendo a passagem de cabos de pot\u00eancia e comando com a GS Geradores<\/strong><\/h3><p>Contrate a GS Geradores para fazer a passagem de cabos de pot\u00eancia e comando da infraestrutura el\u00e9trica da sua empresa! Nossa equipe \u00e9 composta por profissionais qualificados e preparados, que far\u00e3o essa implementa\u00e7\u00e3o com toda a maestria e rapidez. Nossos especialistas certamente te atender\u00e3o de uma forma que te deixar\u00e1 plenamente satisfeito e contente.<\/p><h3><strong>Liga\u00e7\u00e3o de componentes el\u00e9tricos<\/strong><\/h3><p>Existem basicamente tr\u00eas maneiras de fazer associa\u00e7\u00e3o de resistores, s\u00e3o elas: circuito com associa\u00e7\u00e3o em s\u00e9rie, circuito com associa\u00e7\u00e3o paralelo e circuito com associa\u00e7\u00e3o mista, que \u00e9 formado pelo circuito em s\u00e9rie e paralelo. Essas liga\u00e7\u00f5es s\u00e3o fundamentais na eletricidade, portanto atrav\u00e9s de um esquema de liga\u00e7\u00e3o mostramos como fazer uma liga\u00e7\u00e3o paralela e uma liga\u00e7\u00e3o em s\u00e9rie<\/p><p><strong>O que circuito el\u00e9trico<\/strong>?<\/p><p>Um circuito el\u00e9trico b\u00e1sico, que seja funcional \u00e9 composto por uma fonte de tens\u00e3o, podendo ser uma tomada, baterias, pilhas ou qualquer outra fonte onde haja uma diferen\u00e7a de potencial el\u00e9trico.<\/p><p>Outro elemento b\u00e1sico em um circuito el\u00e9trico \u00e9 a carga, que ir\u00e1 consumir a energia el\u00e9trica e transform\u00e1-la em outro tipo de energia, que posteriormente ser\u00e1 utilizada como por exemplo, uma l\u00e2mpada, um resistor, um motor, equipamentos el\u00e9tricos e etc.<\/p><p>Por \u00faltimo, os condutores el\u00e9tricos (cabos el\u00e9tricos), que s\u00e3o fundamentais, pois s\u00e3o respons\u00e1veis em formar um caminho para conduzir os el\u00e9trons (corrente el\u00e9trica) entre a fonte que a produz e a carga que a consome, retornando para a fonte e iniciando um novo ciclo.<\/p><p><strong>O que \u00e9 liga\u00e7\u00e3o em s\u00e9rie?<\/strong><\/p><p>O circuito em s\u00e9rie, tamb\u00e9m conhecido como liga\u00e7\u00e3o em s\u00e9rie, \u00e9 um circuito composto exclusivamente por componentes el\u00e9tricos ou eletr\u00f4nicos ligados em sequ\u00eancia, ou seja, possuem apenas um ponto em comum entre eles. Sendo assim, a corrente el\u00e9trica ser\u00e1 a mesma passando pelos componentes, independentemente da quantidade.<\/p><p><strong>O que \u00e9 liga\u00e7\u00e3o em paralelo?<\/strong><\/p><p>A liga\u00e7\u00e3o paralela, que tamb\u00e9m \u00e9 conhecida como circuito paralelo, \u00e9 um circuito composto somente por componentes el\u00e9tricos ou eletr\u00f4nicos ligados em paralelo, ou seja, possuem dois pontos em comum, sendo que a corrente el\u00e9trica se divide proporcionalmente ao valor de cada componente.<\/p><p>Cada uma das liga\u00e7\u00f5es se ad\u00e9qua \u00e0 necessidade de cada projeto ou esquema el\u00e9trico, como por exemplo, se ser\u00e1 preciso entregar a mesma tens\u00e3o para todas as cargas, se ser\u00e1 necess\u00e1rio interromper o fluxo de corrente el\u00e9trica para a carga ou ambas as a\u00e7\u00f5es dever\u00e3o ser realizadas em conjunto.<\/p>\t\t\t\t\t<\/div>\n\t\t\t\t\t\t<\/div>\n\t\t\t\t<\/div>\n\t\t\t\t\t\t<\/div>\n\t\t\t\t\t<\/div>\n\t\t<\/div>\n\t\t\t\t\t\t\t\t<\/div>\n\t\t\t\t\t<\/div>\n\t\t<\/section>\n\t\t\t\t\t\t\t\t\t<\/div>\n\t\t\t<\/div>\n\t\t\t\t\t<\/div>\n\t\t","protected":false},"excerpt":{"rendered":"<p>Anterior Pr\u00f3ximo O projeto el\u00e9trico se baseia na especifica\u00e7\u00e3o do material a ser utilizado e da quantidade necess\u00e1ria, al\u00e9m de como ser\u00e3o feitas as instala\u00e7\u00f5es dos locais que demandam energia el\u00e9trica, isso vale para ilumina\u00e7\u00e3o e para as tomadas. Com o projeto el\u00e9trico o respons\u00e1vel pela execu\u00e7\u00e3o, geralmente um eletricista, possuir\u00e1 todas as informa\u00e7\u00f5es necess\u00e1rias &#8230; <a title=\"Montagens e Manuten\u00e7\u00f5es El\u00e9tricas Industriais\" class=\"read-more\" href=\"https:\/\/tecnnowatts.com.br\/portal\/instalacoes-eletricas\/\" aria-label=\"More on Montagens e Manuten\u00e7\u00f5es El\u00e9tricas Industriais\">Ler mais<\/a><\/p>\n","protected":false},"author":1,"featured_media":0,"parent":0,"menu_order":40,"comment_status":"closed","ping_status":"closed","template":"","meta":[],"_links":{"self":[{"href":"https:\/\/tecnnowatts.com.br\/portal\/wp-json\/wp\/v2\/pages\/33"}],"collection":[{"href":"https:\/\/tecnnowatts.com.br\/portal\/wp-json\/wp\/v2\/pages"}],"about":[{"href":"https:\/\/tecnnowatts.com.br\/portal\/wp-json\/wp\/v2\/types\/page"}],"author":[{"embeddable":true,"href":"https:\/\/tecnnowatts.com.br\/portal\/wp-json\/wp\/v2\/users\/1"}],"replies":[{"embeddable":true,"href":"https:\/\/tecnnowatts.com.br\/portal\/wp-json\/wp\/v2\/comments?post=33"}],"version-history":[{"count":19,"href":"https:\/\/tecnnowatts.com.br\/portal\/wp-json\/wp\/v2\/pages\/33\/revisions"}],"predecessor-version":[{"id":516,"href":"https:\/\/tecnnowatts.com.br\/portal\/wp-json\/wp\/v2\/pages\/33\/revisions\/516"}],"wp:attachment":[{"href":"https:\/\/tecnnowatts.com.br\/portal\/wp-json\/wp\/v2\/media?parent=33"}],"curies":[{"name":"wp","href":"https:\/\/api.w.org\/{rel}","templated":true}]}}